{"id":36,"date":"2024-11-07T05:34:33","date_gmt":"2024-11-07T05:34:33","guid":{"rendered":"https:\/\/maszgroup.com\/?page_id=36"},"modified":"2024-12-01T14:09:34","modified_gmt":"2024-12-01T14:09:34","slug":"certificates","status":"publish","type":"page","link":"https:\/\/maszgroup.com\/sk\/certificates\/","title":{"rendered":"Certificates"},"content":{"rendered":"<p><div class=\"fusion-fullwidth fullwidth-box fusion-builder-row-1 fusion-flex-container has-pattern-background has-mask-background fusion-parallax-none hundred-percent-fullwidth non-hundred-percent-height-scrolling\" style=\"--awb-border-radius-top-left:0px;--awb-border-radius-top-right:0px;--awb-border-radius-bottom-right:0px;--awb-border-radius-bottom-left:0px;--awb-background-color:rgba(0,0,0,0);--awb-background-image:linear-gradient(180deg, rgba(0,0,0,0.5) 0%,rgba(0,0,0,0.5) 100%),url(https:\/\/maszgroup.com\/wp-content\/uploads\/2024\/11\/WhatsApp-Image-2024-11-11-at-11.50.23_18aea3de.jpg);;--awb-background-size:cover;--awb-flex-wrap:wrap;\" ><div class=\"fusion-builder-row fusion-row fusion-flex-align-items-flex-start fusion-flex-content-wrap\" style=\"width:104% !important;max-width:104% !important;margin-left: calc(-4% \/ 2 );margin-right: calc(-4% \/ 2 );\"><div class=\"fusion-layout-column fusion_builder_column fusion-builder-column-0 fusion_builder_column_1_1 1_1 fusion-flex-column\" style=\"--awb-padding-top:232px;--awb-padding-right:120px;--awb-padding-bottom:98px;--awb-padding-left:120px;--awb-padding-top-small:305px;--awb-padding-right-small:40px;--awb-padding-left-small:40px;--awb-bg-size:cover;--awb-width-large:100%;--awb-margin-top-large:0px;--awb-spacing-right-large:1.92%;--awb-margin-bottom-large:0px;--awb-spacing-left-large:1.92%;--awb-width-medium:100%;--awb-order-medium:0;--awb-spacing-right-medium:1.92%;--awb-spacing-left-medium:1.92%;--awb-width-small:100%;--awb-order-small:0;--awb-spacing-right-small:1.92%;--awb-spacing-left-small:1.92%;\"><div class=\"fusion-column-wrapper fusion-column-has-shadow fusion-flex-justify-content-flex-start fusion-content-layout-column\"><div class=\"fusion-title title fusion-title-1 fusion-sep-none fusion-title-text fusion-title-size-one\" style=\"--awb-text-color:var(--awb-color1);--awb-margin-top:0px;--awb-margin-bottom:0px;--awb-margin-top-small:0px;--awb-margin-bottom-small:0px;--awb-font-size:60px;\"><h1 class=\"fusion-title-heading title-heading-left fusion-responsive-typography-calculated\" style=\"font-family:var(--awb-typography1-font-family);font-weight:var(--awb-typography1-font-weight);font-style:var(--awb-typography1-font-style);margin:0;font-size:1em;letter-spacing:var(--awb-typography2-letter-spacing);text-transform:var(--awb-typography2-text-transform);--fontSize:60;line-height:1.6;\">Quality and CERTIFICATES<\/h1><\/div><\/div><\/div><\/div><\/div><div class=\"fusion-fullwidth fullwidth-box fusion-builder-row-2 fusion-flex-container has-pattern-background has-mask-background hundred-percent-fullwidth non-hundred-percent-height-scrolling\" style=\"--awb-border-radius-top-left:0px;--awb-border-radius-top-right:0px;--awb-border-radius-bottom-right:0px;--awb-border-radius-bottom-left:0px;--awb-padding-top:130px;--awb-padding-right:100px;--awb-padding-bottom:130px;--awb-padding-left:100px;--awb-padding-top-small:80px;--awb-padding-right-small:40px;--awb-padding-left-small:40px;--awb-flex-wrap:wrap;\" ><div class=\"fusion-builder-row fusion-row fusion-flex-align-items-flex-start fusion-flex-content-wrap\" style=\"width:104% !important;max-width:104% !important;margin-left: calc(-4% \/ 2 );margin-right: calc(-4% \/ 2 );\"><div class=\"fusion-layout-column fusion_builder_column fusion-builder-column-1 fusion_builder_column_1_1 1_1 fusion-flex-column\" style=\"--awb-bg-size:cover;--awb-width-large:100%;--awb-margin-top-large:0px;--awb-spacing-right-large:1.92%;--awb-margin-bottom-large:20px;--awb-spacing-left-large:1.92%;--awb-width-medium:100%;--awb-order-medium:0;--awb-spacing-right-medium:1.92%;--awb-spacing-left-medium:1.92%;--awb-width-small:100%;--awb-order-small:0;--awb-spacing-right-small:1.92%;--awb-spacing-left-small:1.92%;\"><div class=\"fusion-column-wrapper fusion-column-has-shadow fusion-flex-justify-content-flex-start fusion-content-layout-column\"><div class=\"fusion-builder-row fusion-builder-row-inner fusion-row fusion-flex-align-items-flex-start fusion-flex-content-wrap\" style=\"width:104% !important;max-width:104% !important;margin-left: calc(-4% \/ 2 );margin-right: calc(-4% \/ 2 );\"><div class=\"fusion-layout-column fusion_builder_column_inner fusion-builder-nested-column-0 fusion_builder_column_inner_1_2 1_2 fusion-flex-column\" style=\"--awb-bg-size:cover;--awb-width-large:50%;--awb-margin-top-large:0px;--awb-spacing-right-large:3.84%;--awb-margin-bottom-large:60px;--awb-spacing-left-large:3.84%;--awb-width-medium:50%;--awb-order-medium:0;--awb-spacing-right-medium:3.84%;--awb-spacing-left-medium:3.84%;--awb-width-small:100%;--awb-order-small:0;--awb-spacing-right-small:1.92%;--awb-margin-bottom-small:28px;--awb-spacing-left-small:1.92%;\"><div class=\"fusion-column-wrapper fusion-column-has-shadow fusion-flex-justify-content-flex-start fusion-content-layout-column\"><div class=\"fusion-text fusion-text-1\"><p class=\"t1066__heading t-heading t-heading_sm\"><b>Quality documentation:<\/b><\/p>\n<div class=\"t1066__descr t-descr t-descr_xs\">\n<ul>\n<li>\u0421e-Declaration of conformity<\/li>\n<li>Quality \u0421ontrol Plan<\/li>\n<li>Quality \u0441ertificate of Product<\/li>\n<li>\u0421ertificates of MASZ Csoport Kft.<\/li>\n<li>List of material certificates<\/li>\n<li>Certificates of material<\/li>\n<li>Welding procedures specifications<\/li>\n<li>Certificates of nDt personnel<\/li>\n<li>List of welders<\/li>\n<li>Qualifications of welders<\/li>\n<li>Reports of Ultrasonic testing<\/li>\n<li>Reports of welded seams radiographic testing<\/li>\n<li>Report of welded seams visual test<\/li>\n<li>Measuring reports and the map of heat numbers<\/li>\n<li>Reports of paint thickness<\/li>\n<li>Photos \u2013 Pre-assembly<\/li>\n<\/ul>\n<\/div>\n<\/div><\/div><\/div><div class=\"fusion-layout-column fusion_builder_column_inner fusion-builder-nested-column-1 fusion_builder_column_inner_1_2 1_2 fusion-flex-column\" style=\"--awb-bg-size:cover;--awb-width-large:50%;--awb-margin-top-large:0px;--awb-spacing-right-large:3.84%;--awb-margin-bottom-large:20px;--awb-spacing-left-large:3.84%;--awb-width-medium:50%;--awb-order-medium:0;--awb-spacing-right-medium:3.84%;--awb-spacing-left-medium:3.84%;--awb-width-small:100%;--awb-order-small:0;--awb-spacing-right-small:1.92%;--awb-margin-bottom-small:28px;--awb-spacing-left-small:1.92%;\"><div class=\"fusion-column-wrapper fusion-column-has-shadow fusion-flex-justify-content-flex-start fusion-content-layout-column\"><div class=\"fusion-text fusion-text-2\"><p class=\"t1066__heading t-heading t-heading_sm\"><b>Non-Destructive (NDT) tests:<\/b><\/p>\n<div class=\"t1066__descr t-descr t-descr_xs\">\n<ul>\n<li>Visual testing<\/li>\n<li>Ultrasonic testing<\/li>\n<li>Penetration testing<\/li>\n<li>Magnetic examination<\/li>\n<li>Radiographic testing<\/li>\n<\/ul>\n<\/div>\n<\/div><\/div><\/div><\/div><div class=\"fusion-text fusion-text-3\"><p><strong>We strive to comply the highest standards. Our certificates are as follows:<\/strong><\/p>\n<p>\u2022 EN ISO 9001 &#8211; CertUnion<br \/>\n\u2022 DIN EN ISO 3834-2 &#8211; DVS Zert<br \/>\n\u2022 EN 1090-1 &#8211; DVS Zert<br \/>\n\u2022 EN 1090-2 EXC3- DVS Zert<\/p>\n<\/div><div class=\"fusion-image-carousel fusion-image-carousel-auto fusion-image-carousel-1 fusion-carousel-border\" style=\"margin-top:40px;\"><div class=\"awb-carousel awb-swiper awb-swiper-carousel\" data-autoplay=\"no\" data-columns=\"3\" data-itemmargin=\"13\" data-itemwidth=\"180\" data-touchscroll=\"yes\" data-imagesize=\"auto\" style=\"--awb-columns:3;\"><div class=\"swiper-wrapper awb-image-carousel-wrapper fusion-flex-align-items-center\"><div class=\"swiper-slide\"><div class=\"fusion-carousel-item-wrapper\"><div class=\"fusion-image-wrapper hover-type-none\"><img decoding=\"async\" width=\"587\" height=\"837\" src=\"https:\/\/maszgroup.com\/wp-content\/uploads\/2024\/12\/image-9.webp\" class=\"attachment-full size-full\" alt=\"\" srcset=\"https:\/\/maszgroup.com\/wp-content\/uploads\/2024\/12\/image-9-200x285.webp 200w, https:\/\/maszgroup.com\/wp-content\/uploads\/2024\/12\/image-9-400x570.webp 400w, https:\/\/maszgroup.com\/wp-content\/uploads\/2024\/12\/image-9.webp 587w\" sizes=\"(min-width: 2200px) 100vw, (min-width: 784px) 471px, (min-width: 712px) 707px, (min-width: 640px) 712px, \" \/><\/div><\/div><\/div><div class=\"swiper-slide\"><div class=\"fusion-carousel-item-wrapper\"><div class=\"fusion-image-wrapper hover-type-none\"><img decoding=\"async\" width=\"590\" height=\"835\" src=\"https:\/\/maszgroup.com\/wp-content\/uploads\/2024\/12\/image-10.webp\" class=\"attachment-full size-full\" alt=\"\" srcset=\"https:\/\/maszgroup.com\/wp-content\/uploads\/2024\/12\/image-10-200x283.webp 200w, https:\/\/maszgroup.com\/wp-content\/uploads\/2024\/12\/image-10-400x566.webp 400w, https:\/\/maszgroup.com\/wp-content\/uploads\/2024\/12\/image-10.webp 590w\" sizes=\"(min-width: 2200px) 100vw, (min-width: 784px) 471px, (min-width: 712px) 707px, (min-width: 640px) 712px, \" \/><\/div><\/div><\/div><div class=\"swiper-slide\"><div class=\"fusion-carousel-item-wrapper\"><div class=\"fusion-image-wrapper hover-type-none\"><img decoding=\"async\" width=\"554\" height=\"784\" src=\"https:\/\/maszgroup.com\/wp-content\/uploads\/2024\/12\/image-11.png\" class=\"attachment-full size-full\" alt=\"\" srcset=\"https:\/\/maszgroup.com\/wp-content\/uploads\/2024\/12\/image-11-200x283.png 200w, https:\/\/maszgroup.com\/wp-content\/uploads\/2024\/12\/image-11-400x566.png 400w, https:\/\/maszgroup.com\/wp-content\/uploads\/2024\/12\/image-11.png 554w\" sizes=\"(min-width: 2200px) 100vw, (min-width: 784px) 471px, (min-width: 712px) 707px, (min-width: 640px) 712px, \" \/><\/div><\/div><\/div><div class=\"swiper-slide\"><div class=\"fusion-carousel-item-wrapper\"><div class=\"fusion-image-wrapper hover-type-none\"><img decoding=\"async\" width=\"552\" height=\"784\" src=\"https:\/\/maszgroup.com\/wp-content\/uploads\/2024\/12\/image-12.png\" class=\"attachment-full size-full\" alt=\"\" srcset=\"https:\/\/maszgroup.com\/wp-content\/uploads\/2024\/12\/image-12-200x284.png 200w, https:\/\/maszgroup.com\/wp-content\/uploads\/2024\/12\/image-12-400x568.png 400w, https:\/\/maszgroup.com\/wp-content\/uploads\/2024\/12\/image-12.png 552w\" sizes=\"(min-width: 2200px) 100vw, (min-width: 784px) 471px, (min-width: 712px) 707px, (min-width: 640px) 712px, \" \/><\/div><\/div><\/div><div class=\"swiper-slide\"><div class=\"fusion-carousel-item-wrapper\"><div class=\"fusion-image-wrapper hover-type-none\"><img decoding=\"async\" width=\"518\" height=\"738\" src=\"https:\/\/maszgroup.com\/wp-content\/uploads\/2024\/12\/image-13.png\" class=\"attachment-full size-full\" alt=\"\" srcset=\"https:\/\/maszgroup.com\/wp-content\/uploads\/2024\/12\/image-13-200x285.png 200w, https:\/\/maszgroup.com\/wp-content\/uploads\/2024\/12\/image-13-400x570.png 400w, https:\/\/maszgroup.com\/wp-content\/uploads\/2024\/12\/image-13.png 518w\" sizes=\"(min-width: 2200px) 100vw, (min-width: 784px) 471px, (min-width: 712px) 707px, (min-width: 640px) 712px, \" \/><\/div><\/div><\/div><div class=\"swiper-slide\"><div class=\"fusion-carousel-item-wrapper\"><div class=\"fusion-image-wrapper hover-type-none\"><img decoding=\"async\" width=\"554\" height=\"785\" src=\"https:\/\/maszgroup.com\/wp-content\/uploads\/2024\/12\/image-14.png\" class=\"attachment-full size-full\" alt=\"\" srcset=\"https:\/\/maszgroup.com\/wp-content\/uploads\/2024\/12\/image-14-200x283.png 200w, https:\/\/maszgroup.com\/wp-content\/uploads\/2024\/12\/image-14-400x567.png 400w, https:\/\/maszgroup.com\/wp-content\/uploads\/2024\/12\/image-14.png 554w\" sizes=\"(min-width: 2200px) 100vw, (min-width: 784px) 471px, (min-width: 712px) 707px, (min-width: 640px) 712px, \" \/><\/div><\/div><\/div><div class=\"swiper-slide\"><div class=\"fusion-carousel-item-wrapper\"><div class=\"fusion-image-wrapper hover-type-none\"><img decoding=\"async\" width=\"553\" height=\"787\" src=\"https:\/\/maszgroup.com\/wp-content\/uploads\/2024\/12\/image-15.png\" class=\"attachment-full size-full\" alt=\"\" srcset=\"https:\/\/maszgroup.com\/wp-content\/uploads\/2024\/12\/image-15-200x285.png 200w, https:\/\/maszgroup.com\/wp-content\/uploads\/2024\/12\/image-15-400x569.png 400w, https:\/\/maszgroup.com\/wp-content\/uploads\/2024\/12\/image-15.png 553w\" sizes=\"(min-width: 2200px) 100vw, (min-width: 784px) 471px, (min-width: 712px) 707px, (min-width: 640px) 712px, \" \/><\/div><\/div><\/div><div class=\"swiper-slide\"><div class=\"fusion-carousel-item-wrapper\"><div class=\"fusion-image-wrapper hover-type-none\"><img decoding=\"async\" width=\"553\" height=\"785\" src=\"https:\/\/maszgroup.com\/wp-content\/uploads\/2024\/12\/image-16.png\" class=\"attachment-full size-full\" alt=\"\" srcset=\"https:\/\/maszgroup.com\/wp-content\/uploads\/2024\/12\/image-16-200x284.png 200w, https:\/\/maszgroup.com\/wp-content\/uploads\/2024\/12\/image-16-400x568.png 400w, https:\/\/maszgroup.com\/wp-content\/uploads\/2024\/12\/image-16.png 553w\" sizes=\"(min-width: 2200px) 100vw, (min-width: 784px) 471px, (min-width: 712px) 707px, (min-width: 640px) 712px, \" \/><\/div><\/div><\/div><\/div><div class=\"awb-swiper-button awb-swiper-button-prev\"><i class=\"awb-icon-angle-left\" aria-hidden=\"true\"><\/i><\/div><div class=\"awb-swiper-button awb-swiper-button-next\"><i class=\"awb-icon-angle-right\" aria-hidden=\"true\"><\/i><\/div><\/div><\/div><\/div><\/div><\/div><\/div><div class=\"fusion-fullwidth fullwidth-box fusion-builder-row-3 fusion-flex-container has-pattern-background has-mask-background fusion-parallax-none hundred-percent-fullwidth non-hundred-percent-height-scrolling\" style=\"--awb-background-position:center top;--awb-border-radius-top-left:0px;--awb-border-radius-top-right:0px;--awb-border-radius-bottom-right:0px;--awb-border-radius-bottom-left:0px;--awb-padding-right-small:40px;--awb-padding-left-small:40px;--awb-background-image:linear-gradient(180deg, rgba(0,0,0,0.6) 0%,rgba(0,0,0,0.6) 100%),url(https:\/\/maszgroup.com\/wp-content\/uploads\/2024\/11\/Mask-group-8.png);;--awb-background-size:cover;--awb-flex-wrap:wrap;\" ><div class=\"fusion-builder-row fusion-row fusion-flex-align-items-flex-start fusion-flex-content-wrap\" style=\"width:104% !important;max-width:104% !important;margin-left: calc(-4% \/ 2 );margin-right: calc(-4% \/ 2 );\"><div class=\"fusion-layout-column fusion_builder_column fusion-builder-column-2 fusion_builder_column_1_1 1_1 fusion-flex-column\" style=\"--awb-padding-top:140px;--awb-padding-bottom:129px;--awb-bg-size:cover;--awb-width-large:100%;--awb-margin-top-large:0px;--awb-spacing-right-large:1.92%;--awb-margin-bottom-large:0px;--awb-spacing-left-large:1.92%;--awb-width-medium:100%;--awb-order-medium:0;--awb-spacing-right-medium:1.92%;--awb-spacing-left-medium:1.92%;--awb-width-small:100%;--awb-order-small:0;--awb-spacing-right-small:0%;--awb-spacing-left-small:0%;\"><div class=\"fusion-column-wrapper fusion-column-has-shadow fusion-flex-justify-content-flex-start fusion-content-layout-column\"><div class=\"fusion-title title fusion-title-2 fusion-sep-none fusion-title-center fusion-title-text fusion-title-size-three\" style=\"--awb-text-color:var(--awb-color1);--awb-font-size:var(--awb-typography2-font-size);\"><h3 class=\"fusion-title-heading title-heading-center fusion-responsive-typography-calculated\" style=\"font-family:var(--awb-typography2-font-family);font-weight:var(--awb-typography2-font-weight);font-style:var(--awb-typography2-font-style);margin:0;font-size:1em;letter-spacing:var(--awb-typography2-letter-spacing);text-transform:var(--awb-typography2-text-transform);--fontSize:45;line-height:var(--awb-typography2-line-height);\"><p style=\"text-align: center;\">Let\u2019s create a SUSTAINABLE<br \/>\nfuture TOGETHER<\/p><\/h3><\/div><div style=\"text-align:center;\"><a class=\"fusion-button button-flat fusion-button-default-size button-default fusion-button-default button-1 fusion-button-default-span fusion-button-default-type\" style=\"--button-border-radius-top-left:0;--button-border-radius-top-right:0;--button-border-radius-bottom-right:0;--button-border-radius-bottom-left:0;--button_text_transform:var(--awb-typography4-text-transform);--button_font_size:var(--awb-typography4-font-size);--button_line_height:var(--awb-typography4-line-height);--button_typography-font-family:var(--awb-typography4-font-family);--button_typography-font-weight:var(--awb-typography4-font-weight);--button_typography-font-style:var(--awb-typography4-font-style);--button_margin-top:20px;\" target=\"_self\" href=\"https:\/\/maszgroup.com\/sk\/contacts\/\"><span class=\"fusion-button-text\">Contact us<\/span><\/a><\/div><\/div><\/div><\/div><\/div>\n<\/p>","protected":false},"excerpt":{"rendered":"","protected":false},"author":1,"featured_media":0,"parent":0,"menu_order":0,"comment_status":"closed","ping_status":"closed","template":"100-width.php","meta":{"_acf_changed":false,"footnotes":""},"class_list":["post-36","page","type-page","status-publish","hentry"],"acf":[],"yoast_head":"<!-- This site is optimized with the Yoast SEO plugin v24.1 - https:\/\/yoast.com\/wordpress\/plugins\/seo\/ -->\n<title>Certificates - Maszgroup | Steel manufacturing company<\/title>\n<meta name=\"robots\" content=\"index, follow, max-snippet:-1, max-image-preview:large, max-video-preview:-1\" \/>\n<link rel=\"canonical\" href=\"https:\/\/maszgroup.com\/sk\/certificates\/\" \/>\n<meta property=\"og:locale\" content=\"sk_SK\" \/>\n<meta property=\"og:type\" content=\"article\" \/>\n<meta property=\"og:title\" content=\"Certificates - Maszgroup | Steel manufacturing company\" \/>\n<meta property=\"og:url\" content=\"https:\/\/maszgroup.com\/sk\/certificates\/\" \/>\n<meta property=\"og:site_name\" content=\"Maszgroup | Steel manufacturing company\" \/>\n<meta property=\"article:modified_time\" content=\"2024-12-01T14:09:34+00:00\" \/>\n<meta name=\"twitter:card\" content=\"summary_large_image\" \/>\n<meta name=\"twitter:label1\" content=\"Predpokladan\u00fd \u010das \u010d\u00edtania\" \/>\n\t<meta name=\"twitter:data1\" content=\"1 min\u00fata\" \/>\n<script type=\"application\/ld+json\" class=\"yoast-schema-graph\">{\"@context\":\"https:\/\/schema.org\",\"@graph\":[{\"@type\":\"WebPage\",\"@id\":\"https:\/\/maszgroup.com\/certificates\/\",\"url\":\"https:\/\/maszgroup.com\/certificates\/\",\"name\":\"Certificates - Maszgroup | Steel manufacturing company\",\"isPartOf\":{\"@id\":\"https:\/\/maszgroup.com\/#website\"},\"datePublished\":\"2024-11-07T05:34:33+00:00\",\"dateModified\":\"2024-12-01T14:09:34+00:00\",\"breadcrumb\":{\"@id\":\"https:\/\/maszgroup.com\/certificates\/#breadcrumb\"},\"inLanguage\":\"sk-SK\",\"potentialAction\":[{\"@type\":\"ReadAction\",\"target\":[\"https:\/\/maszgroup.com\/certificates\/\"]}]},{\"@type\":\"BreadcrumbList\",\"@id\":\"https:\/\/maszgroup.com\/certificates\/#breadcrumb\",\"itemListElement\":[{\"@type\":\"ListItem\",\"position\":1,\"name\":\"Home\",\"item\":\"https:\/\/maszgroup.com\/\"},{\"@type\":\"ListItem\",\"position\":2,\"name\":\"Certificates\"}]},{\"@type\":\"WebSite\",\"@id\":\"https:\/\/maszgroup.com\/#website\",\"url\":\"https:\/\/maszgroup.com\/\",\"name\":\"Maszgroup | Steel manufacturing company\",\"description\":\"\",\"publisher\":{\"@id\":\"https:\/\/maszgroup.com\/#organization\"},\"potentialAction\":[{\"@type\":\"SearchAction\",\"target\":{\"@type\":\"EntryPoint\",\"urlTemplate\":\"https:\/\/maszgroup.com\/?s={search_term_string}\"},\"query-input\":{\"@type\":\"PropertyValueSpecification\",\"valueRequired\":true,\"valueName\":\"search_term_string\"}}],\"inLanguage\":\"sk-SK\"},{\"@type\":\"Organization\",\"@id\":\"https:\/\/maszgroup.com\/#organization\",\"name\":\"Maszgroup | Steel manufacturing company\",\"url\":\"https:\/\/maszgroup.com\/\",\"logo\":{\"@type\":\"ImageObject\",\"inLanguage\":\"sk-SK\",\"@id\":\"https:\/\/maszgroup.com\/#\/schema\/logo\/image\/\",\"url\":\"https:\/\/maszgroup.com\/wp-content\/uploads\/2024\/11\/Mask-group-6.png\",\"contentUrl\":\"https:\/\/maszgroup.com\/wp-content\/uploads\/2024\/11\/Mask-group-6.png\",\"width\":124,\"height\":75,\"caption\":\"Maszgroup | Steel manufacturing company\"},\"image\":{\"@id\":\"https:\/\/maszgroup.com\/#\/schema\/logo\/image\/\"}}]}<\/script>\n<!-- \/ Yoast SEO plugin. -->","yoast_head_json":{"title":"Certificates - Maszgroup | Steel manufacturing company","robots":{"index":"index","follow":"follow","max-snippet":"max-snippet:-1","max-image-preview":"max-image-preview:large","max-video-preview":"max-video-preview:-1"},"canonical":"https:\/\/maszgroup.com\/sk\/certificates\/","og_locale":"sk_SK","og_type":"article","og_title":"Certificates - Maszgroup | Steel manufacturing company","og_url":"https:\/\/maszgroup.com\/sk\/certificates\/","og_site_name":"Maszgroup | Steel manufacturing company","article_modified_time":"2024-12-01T14:09:34+00:00","twitter_card":"summary_large_image","twitter_misc":{"Predpokladan\u00fd \u010das \u010d\u00edtania":"1 min\u00fata"},"schema":{"@context":"https:\/\/schema.org","@graph":[{"@type":"WebPage","@id":"https:\/\/maszgroup.com\/certificates\/","url":"https:\/\/maszgroup.com\/certificates\/","name":"Certificates - Maszgroup | Steel manufacturing company","isPartOf":{"@id":"https:\/\/maszgroup.com\/#website"},"datePublished":"2024-11-07T05:34:33+00:00","dateModified":"2024-12-01T14:09:34+00:00","breadcrumb":{"@id":"https:\/\/maszgroup.com\/certificates\/#breadcrumb"},"inLanguage":"sk-SK","potentialAction":[{"@type":"ReadAction","target":["https:\/\/maszgroup.com\/certificates\/"]}]},{"@type":"BreadcrumbList","@id":"https:\/\/maszgroup.com\/certificates\/#breadcrumb","itemListElement":[{"@type":"ListItem","position":1,"name":"Home","item":"https:\/\/maszgroup.com\/"},{"@type":"ListItem","position":2,"name":"Certificates"}]},{"@type":"WebSite","@id":"https:\/\/maszgroup.com\/#website","url":"https:\/\/maszgroup.com\/","name":"Maszgroup | Steel manufacturing company","description":"","publisher":{"@id":"https:\/\/maszgroup.com\/#organization"},"potentialAction":[{"@type":"SearchAction","target":{"@type":"EntryPoint","urlTemplate":"https:\/\/maszgroup.com\/?s={search_term_string}"},"query-input":{"@type":"PropertyValueSpecification","valueRequired":true,"valueName":"search_term_string"}}],"inLanguage":"sk-SK"},{"@type":"Organization","@id":"https:\/\/maszgroup.com\/#organization","name":"Maszgroup | Steel manufacturing company","url":"https:\/\/maszgroup.com\/","logo":{"@type":"ImageObject","inLanguage":"sk-SK","@id":"https:\/\/maszgroup.com\/#\/schema\/logo\/image\/","url":"https:\/\/maszgroup.com\/wp-content\/uploads\/2024\/11\/Mask-group-6.png","contentUrl":"https:\/\/maszgroup.com\/wp-content\/uploads\/2024\/11\/Mask-group-6.png","width":124,"height":75,"caption":"Maszgroup | Steel manufacturing company"},"image":{"@id":"https:\/\/maszgroup.com\/#\/schema\/logo\/image\/"}}]}},"_links":{"self":[{"href":"https:\/\/maszgroup.com\/sk\/wp-json\/wp\/v2\/pages\/36","targetHints":{"allow":["GET"]}}],"collection":[{"href":"https:\/\/maszgroup.com\/sk\/wp-json\/wp\/v2\/pages"}],"about":[{"href":"https:\/\/maszgroup.com\/sk\/wp-json\/wp\/v2\/types\/page"}],"author":[{"embeddable":true,"href":"https:\/\/maszgroup.com\/sk\/wp-json\/wp\/v2\/users\/1"}],"replies":[{"embeddable":true,"href":"https:\/\/maszgroup.com\/sk\/wp-json\/wp\/v2\/comments?post=36"}],"version-history":[{"count":22,"href":"https:\/\/maszgroup.com\/sk\/wp-json\/wp\/v2\/pages\/36\/revisions"}],"predecessor-version":[{"id":881,"href":"https:\/\/maszgroup.com\/sk\/wp-json\/wp\/v2\/pages\/36\/revisions\/881"}],"wp:attachment":[{"href":"https:\/\/maszgroup.com\/sk\/wp-json\/wp\/v2\/media?parent=36"}],"curies":[{"name":"wp","href":"https:\/\/api.w.org\/{rel}","templated":true}]}}