{"id":6,"date":"2024-10-28T05:53:31","date_gmt":"2024-10-28T05:53:31","guid":{"rendered":"https:\/\/maszgroup.com\/paslaugos\/"},"modified":"2024-11-07T05:28:55","modified_gmt":"2024-11-07T05:28:55","slug":"services","status":"publish","type":"page","link":"https:\/\/maszgroup.com\/sk\/services\/","title":{"rendered":"Services"},"content":{"rendered":"<div class=\"wp-block-group alignfull\"><div class=\"wp-block-group__inner-container is-layout-constrained wp-block-group-is-layout-constrained\">\r\n<div class=\"wp-block-group alignwide is-content-justification-left\"><div class=\"wp-block-group__inner-container is-layout-constrained wp-container-core-group-is-layout-5 wp-block-group-is-layout-constrained\">\r\n<h2 class=\"wp-block-heading is-style-default hostinger-ai-title has-dark-color has-text-color has-link-color has-x-large-font-size wp-elements-28d097732774f9cd5891010384101c0d\" style=\"margin-bottom: var(--wp--preset--spacing--50);\">Modern\u016bs plieniniai sprendimai<\/h2>\r\n\r\n\r\n\r\n<div class=\"wp-block-group alignwide is-layout-grid wp-container-core-group-is-layout-4 wp-block-group-is-layout-grid\">\r\n<div class=\"wp-block-group\" style=\"padding: 0 var(--wp--preset--spacing--20) 0 var(--wp--preset--spacing--20);\"><div class=\"wp-block-group__inner-container is-layout-constrained wp-container-core-group-is-layout-1 wp-block-group-is-layout-constrained\">\r\n<figure class=\"wp-block-image size-full has-custom-border hostinger-ai-service-image\"><img decoding=\"async\" class=\"wp-image-160\" style=\"border-radius: 8px;\" src=\"https:\/\/images.unsplash.com\/photo-1516642803774-9df6ce8f9cd7?crop=entropy&amp;cs=srgb&amp;fm=jpg&amp;ixid=M3w0NTI1Mzl8MHwxfHNlYXJjaHw5fHxzdGVlbCUyMGNvbnN0cnVjdGlvbnN8ZW58MHx8fHwxNzMwMDk0ODA5fDA&amp;ixlib=rb-4.0.3&amp;q=85&amp;w=340&amp;h=340&amp;fit=crop\" alt=\"\" \/><\/figure>\r\n\r\n\r\n\r\n<p class=\"hostinger-ai-service-description has-dark-color has-text-color has-link-color has-medium-font-size wp-elements-49c883e61f2220e74cc4c161cddbd7bd\" style=\"margin-top: var(--wp--preset--spacing--40);\">Si\u016blome pa\u017eangias plieno konstrukcijas, skirtas \u0161iuolaikinei infrastrukt\u016brai ir statyboms.<\/p>\r\n<\/div><\/div>\r\n\r\n\r\n\r\n<div class=\"wp-block-group\" style=\"padding-right: var(--wp--preset--spacing--20); padding-left: var(--wp--preset--spacing--20);\"><div class=\"wp-block-group__inner-container is-layout-constrained wp-container-core-group-is-layout-2 wp-block-group-is-layout-constrained\">\r\n<figure class=\"wp-block-image size-full has-custom-border hostinger-ai-service-image hostinger-index-1\"><img decoding=\"async\" class=\"wp-image-160\" style=\"border-radius: 8px;\" src=\"https:\/\/images.unsplash.com\/photo-1541888894402-f3b1af908be4?crop=entropy&amp;cs=srgb&amp;fm=jpg&amp;ixid=M3w0NTI1Mzl8MHwxfHNlYXJjaHwxMHx8c3RlZWwlMjBjb25zdHJ1Y3Rpb25zfGVufDB8fHx8MTczMDA5NDgwOXww&amp;ixlib=rb-4.0.3&amp;q=85&amp;w=340&amp;h=340&amp;fit=crop\" alt=\"\" \/><\/figure>\r\n\r\n\r\n\r\n<p class=\"hostinger-ai-service-description hostinger-index-1 has-dark-color has-text-color has-link-color has-medium-font-size wp-elements-d8ffb6f5e17a751e70f82320df254eaf\" style=\"margin-top: var(--wp--preset--spacing--40);\">M\u016bs\u0173 ekspertai u\u017etikrina auk\u0161\u010diausi\u0105 kokyb\u0119 ir inovatyvum\u0105 kiekviename projekte.<\/p>\r\n<\/div><\/div>\r\n\r\n\r\n\r\n<div class=\"wp-block-group\" style=\"padding-right: var(--wp--preset--spacing--20); padding-left: var(--wp--preset--spacing--20);\"><div class=\"wp-block-group__inner-container is-layout-constrained wp-container-core-group-is-layout-3 wp-block-group-is-layout-constrained\">\r\n<figure class=\"wp-block-image size-full has-custom-border hostinger-ai-service-image hostinger-index-2\"><img decoding=\"async\" class=\"wp-image-160\" style=\"border-radius: 8px;\" src=\"https:\/\/images.unsplash.com\/photo-1488410632976-f7b286bbddd6?crop=entropy&amp;cs=srgb&amp;fm=jpg&amp;ixid=M3w0NTI1Mzl8MHwxfHNlYXJjaHwxMXx8c3RlZWwlMjBjb25zdHJ1Y3Rpb25zfGVufDB8fHx8MTczMDA5NDgwOXww&amp;ixlib=rb-4.0.3&amp;q=85&amp;w=340&amp;h=340&amp;fit=crop\" alt=\"\" \/><\/figure>\r\n\r\n\r\n\r\n<p class=\"hostinger-ai-service-description hostinger-index-2 has-dark-color has-text-color has-link-color has-medium-font-size wp-elements-6b4c9758a7d23523a600ebdfa6fa632c\" style=\"margin-top: var(--wp--preset--spacing--40);\">Kuriame tvirtas ir patikimas strukt\u016bras, atitinkan\u010dias \u0161iuolaikinius pramon\u0117s standartus.<\/p>\r\n<\/div><\/div>\r\n<\/div>\r\n<\/div><\/div>\r\n<\/div><\/div>\r\n\r\n\r\n\r\n<div class=\"wp-block-group alignfull hostinger-ai-solid-block has-color-1-background-color has-background\" style=\"padding-top: var(--wp--preset--spacing--60); padding-bottom: var(--wp--preset--spacing--60);\"><div class=\"wp-block-group__inner-container is-layout-constrained wp-block-group-is-layout-constrained\">\r\n<div class=\"wp-block-group alignwide is-vertical is-content-justification-center is-nowrap is-layout-flex wp-container-core-group-is-layout-8 wp-block-group-is-layout-flex\" style=\"min-height: 0px; padding-top: 0; padding-bottom: 0;\">\r\n<div class=\"wp-block-group wp-container-content-1 is-content-justification-center\"><div class=\"wp-block-group__inner-container is-layout-constrained wp-block-group-is-layout-constrained\">\r\n<h2 class=\"wp-block-heading has-text-align-center hostinger-ai-title has-dark-color has-text-color has-link-color has-x-large-font-size wp-elements-96b052166514166161f01ccc1fa56169\" style=\"margin: 0;\">Modern\u016bs plieniniai sprendimai<\/h2>\r\n\r\n\r\n\r\n<p class=\"has-text-align-center hostinger-ai-description has-dark-color has-text-color has-link-color has-medium-font-size wp-elements-fb9749ae1cb31f30708762e25c0854b7\" style=\"margin-top: var(--wp--preset--spacing--20); margin-bottom: var(--wp--preset--spacing--50);\">Pasirinkite m\u016bs\u0173 pa\u017eangias plieno konstrukcijas, kurios u\u017etikrina tvirtum\u0105 ir ilgaam\u017ei\u0161kum\u0105 moderniai infrastrukt\u016brai.<\/p>\r\n\r\n\r\n\r\n<div class=\"wp-block-buttons is-content-justification-center is-layout-flex wp-container-core-buttons-is-layout-1 wp-block-buttons-is-layout-flex\">\r\n<div class=\"wp-block-button has-custom-font-size hostinger-ai-cta-button has-medium-font-size\"><a class=\"wp-block-button__link has-dark-color has-contrast-background-color has-text-color has-background has-link-color has-border-color has-dark-border-color wp-element-button\" style=\"padding: var(--wp--preset--spacing--30) var(--wp--preset--spacing--70) var(--wp--preset--spacing--30) var(--wp--preset--spacing--70);\">Pasi\u016blymas<\/a><\/div>\r\n<\/div>\r\n<\/div><\/div>\r\n<\/div>\r\n<\/div><\/div>\r\n\r\n<p>&nbsp;<\/p>","protected":false},"excerpt":{"rendered":"<p>Modern\u016bs plieniniai sprendimai Si\u016blome pa\u017eangias plieno konstrukcijas, skirtas \u0161iuolaikinei infrastrukt\u016brai  [&#8230;]<\/p>","protected":false},"author":1,"featured_media":0,"parent":0,"menu_order":0,"comment_status":"closed","ping_status":"closed","template":"100-width.php","meta":{"_acf_changed":false,"footnotes":""},"class_list":["post-6","page","type-page","status-publish","hentry"],"acf":[],"yoast_head":"<!-- This site is optimized with the Yoast SEO plugin v24.1 - https:\/\/yoast.com\/wordpress\/plugins\/seo\/ -->\n<title>Services - Maszgroup | Steel manufacturing company<\/title>\n<meta name=\"robots\" content=\"index, follow, max-snippet:-1, max-image-preview:large, max-video-preview:-1\" \/>\n<link rel=\"canonical\" href=\"https:\/\/maszgroup.com\/sk\/services\/\" \/>\n<meta property=\"og:locale\" content=\"sk_SK\" \/>\n<meta property=\"og:type\" content=\"article\" \/>\n<meta property=\"og:title\" content=\"Services - Maszgroup | Steel manufacturing company\" \/>\n<meta property=\"og:description\" content=\"Modern\u016bs plieniniai sprendimai Si\u016blome pa\u017eangias plieno konstrukcijas, skirtas \u0161iuolaikinei infrastrukt\u016brai [...]\" \/>\n<meta property=\"og:url\" content=\"https:\/\/maszgroup.com\/sk\/services\/\" \/>\n<meta property=\"og:site_name\" content=\"Maszgroup | Steel manufacturing company\" \/>\n<meta property=\"article:modified_time\" content=\"2024-11-07T05:28:55+00:00\" \/>\n<meta name=\"twitter:card\" content=\"summary_large_image\" \/>\n<script type=\"application\/ld+json\" class=\"yoast-schema-graph\">{\"@context\":\"https:\/\/schema.org\",\"@graph\":[{\"@type\":\"WebPage\",\"@id\":\"https:\/\/maszgroup.com\/services\/\",\"url\":\"https:\/\/maszgroup.com\/services\/\",\"name\":\"Services - Maszgroup | Steel manufacturing company\",\"isPartOf\":{\"@id\":\"https:\/\/maszgroup.com\/#website\"},\"primaryImageOfPage\":{\"@id\":\"https:\/\/maszgroup.com\/services\/#primaryimage\"},\"image\":{\"@id\":\"https:\/\/maszgroup.com\/services\/#primaryimage\"},\"thumbnailUrl\":\"https:\/\/images.unsplash.com\/photo-1516642803774-9df6ce8f9cd7?crop=entropy&amp;cs=srgb&amp;fm=jpg&amp;ixid=M3w0NTI1Mzl8MHwxfHNlYXJjaHw5fHxzdGVlbCUyMGNvbnN0cnVjdGlvbnN8ZW58MHx8fHwxNzMwMDk0ODA5fDA&amp;ixlib=rb-4.0.3&amp;q=85&amp;w=340&amp;h=340&amp;fit=crop\",\"datePublished\":\"2024-10-28T05:53:31+00:00\",\"dateModified\":\"2024-11-07T05:28:55+00:00\",\"breadcrumb\":{\"@id\":\"https:\/\/maszgroup.com\/services\/#breadcrumb\"},\"inLanguage\":\"sk-SK\",\"potentialAction\":[{\"@type\":\"ReadAction\",\"target\":[\"https:\/\/maszgroup.com\/services\/\"]}]},{\"@type\":\"ImageObject\",\"inLanguage\":\"sk-SK\",\"@id\":\"https:\/\/maszgroup.com\/services\/#primaryimage\",\"url\":\"https:\/\/images.unsplash.com\/photo-1516642803774-9df6ce8f9cd7?crop=entropy&amp;cs=srgb&amp;fm=jpg&amp;ixid=M3w0NTI1Mzl8MHwxfHNlYXJjaHw5fHxzdGVlbCUyMGNvbnN0cnVjdGlvbnN8ZW58MHx8fHwxNzMwMDk0ODA5fDA&amp;ixlib=rb-4.0.3&amp;q=85&amp;w=340&amp;h=340&amp;fit=crop\",\"contentUrl\":\"https:\/\/images.unsplash.com\/photo-1516642803774-9df6ce8f9cd7?crop=entropy&amp;cs=srgb&amp;fm=jpg&amp;ixid=M3w0NTI1Mzl8MHwxfHNlYXJjaHw5fHxzdGVlbCUyMGNvbnN0cnVjdGlvbnN8ZW58MHx8fHwxNzMwMDk0ODA5fDA&amp;ixlib=rb-4.0.3&amp;q=85&amp;w=340&amp;h=340&amp;fit=crop\"},{\"@type\":\"BreadcrumbList\",\"@id\":\"https:\/\/maszgroup.com\/services\/#breadcrumb\",\"itemListElement\":[{\"@type\":\"ListItem\",\"position\":1,\"name\":\"Home\",\"item\":\"https:\/\/maszgroup.com\/\"},{\"@type\":\"ListItem\",\"position\":2,\"name\":\"Services\"}]},{\"@type\":\"WebSite\",\"@id\":\"https:\/\/maszgroup.com\/#website\",\"url\":\"https:\/\/maszgroup.com\/\",\"name\":\"Maszgroup | Steel manufacturing company\",\"description\":\"\",\"publisher\":{\"@id\":\"https:\/\/maszgroup.com\/#organization\"},\"potentialAction\":[{\"@type\":\"SearchAction\",\"target\":{\"@type\":\"EntryPoint\",\"urlTemplate\":\"https:\/\/maszgroup.com\/?s={search_term_string}\"},\"query-input\":{\"@type\":\"PropertyValueSpecification\",\"valueRequired\":true,\"valueName\":\"search_term_string\"}}],\"inLanguage\":\"sk-SK\"},{\"@type\":\"Organization\",\"@id\":\"https:\/\/maszgroup.com\/#organization\",\"name\":\"Maszgroup | Steel manufacturing company\",\"url\":\"https:\/\/maszgroup.com\/\",\"logo\":{\"@type\":\"ImageObject\",\"inLanguage\":\"sk-SK\",\"@id\":\"https:\/\/maszgroup.com\/#\/schema\/logo\/image\/\",\"url\":\"https:\/\/maszgroup.com\/wp-content\/uploads\/2024\/11\/Mask-group-6.png\",\"contentUrl\":\"https:\/\/maszgroup.com\/wp-content\/uploads\/2024\/11\/Mask-group-6.png\",\"width\":124,\"height\":75,\"caption\":\"Maszgroup | Steel manufacturing company\"},\"image\":{\"@id\":\"https:\/\/maszgroup.com\/#\/schema\/logo\/image\/\"}}]}<\/script>\n<!-- \/ Yoast SEO plugin. -->","yoast_head_json":{"title":"Services - Maszgroup | Steel manufacturing company","robots":{"index":"index","follow":"follow","max-snippet":"max-snippet:-1","max-image-preview":"max-image-preview:large","max-video-preview":"max-video-preview:-1"},"canonical":"https:\/\/maszgroup.com\/sk\/services\/","og_locale":"sk_SK","og_type":"article","og_title":"Services - Maszgroup | Steel manufacturing company","og_description":"Modern\u016bs plieniniai sprendimai Si\u016blome pa\u017eangias plieno konstrukcijas, skirtas \u0161iuolaikinei infrastrukt\u016brai [...]","og_url":"https:\/\/maszgroup.com\/sk\/services\/","og_site_name":"Maszgroup | Steel manufacturing company","article_modified_time":"2024-11-07T05:28:55+00:00","twitter_card":"summary_large_image","schema":{"@context":"https:\/\/schema.org","@graph":[{"@type":"WebPage","@id":"https:\/\/maszgroup.com\/services\/","url":"https:\/\/maszgroup.com\/services\/","name":"Services - Maszgroup | Steel manufacturing company","isPartOf":{"@id":"https:\/\/maszgroup.com\/#website"},"primaryImageOfPage":{"@id":"https:\/\/maszgroup.com\/services\/#primaryimage"},"image":{"@id":"https:\/\/maszgroup.com\/services\/#primaryimage"},"thumbnailUrl":"https:\/\/images.unsplash.com\/photo-1516642803774-9df6ce8f9cd7?crop=entropy&amp;cs=srgb&amp;fm=jpg&amp;ixid=M3w0NTI1Mzl8MHwxfHNlYXJjaHw5fHxzdGVlbCUyMGNvbnN0cnVjdGlvbnN8ZW58MHx8fHwxNzMwMDk0ODA5fDA&amp;ixlib=rb-4.0.3&amp;q=85&amp;w=340&amp;h=340&amp;fit=crop","datePublished":"2024-10-28T05:53:31+00:00","dateModified":"2024-11-07T05:28:55+00:00","breadcrumb":{"@id":"https:\/\/maszgroup.com\/services\/#breadcrumb"},"inLanguage":"sk-SK","potentialAction":[{"@type":"ReadAction","target":["https:\/\/maszgroup.com\/services\/"]}]},{"@type":"ImageObject","inLanguage":"sk-SK","@id":"https:\/\/maszgroup.com\/services\/#primaryimage","url":"https:\/\/images.unsplash.com\/photo-1516642803774-9df6ce8f9cd7?crop=entropy&amp;cs=srgb&amp;fm=jpg&amp;ixid=M3w0NTI1Mzl8MHwxfHNlYXJjaHw5fHxzdGVlbCUyMGNvbnN0cnVjdGlvbnN8ZW58MHx8fHwxNzMwMDk0ODA5fDA&amp;ixlib=rb-4.0.3&amp;q=85&amp;w=340&amp;h=340&amp;fit=crop","contentUrl":"https:\/\/images.unsplash.com\/photo-1516642803774-9df6ce8f9cd7?crop=entropy&amp;cs=srgb&amp;fm=jpg&amp;ixid=M3w0NTI1Mzl8MHwxfHNlYXJjaHw5fHxzdGVlbCUyMGNvbnN0cnVjdGlvbnN8ZW58MHx8fHwxNzMwMDk0ODA5fDA&amp;ixlib=rb-4.0.3&amp;q=85&amp;w=340&amp;h=340&amp;fit=crop"},{"@type":"BreadcrumbList","@id":"https:\/\/maszgroup.com\/services\/#breadcrumb","itemListElement":[{"@type":"ListItem","position":1,"name":"Home","item":"https:\/\/maszgroup.com\/"},{"@type":"ListItem","position":2,"name":"Services"}]},{"@type":"WebSite","@id":"https:\/\/maszgroup.com\/#website","url":"https:\/\/maszgroup.com\/","name":"Maszgroup | Steel manufacturing company","description":"","publisher":{"@id":"https:\/\/maszgroup.com\/#organization"},"potentialAction":[{"@type":"SearchAction","target":{"@type":"EntryPoint","urlTemplate":"https:\/\/maszgroup.com\/?s={search_term_string}"},"query-input":{"@type":"PropertyValueSpecification","valueRequired":true,"valueName":"search_term_string"}}],"inLanguage":"sk-SK"},{"@type":"Organization","@id":"https:\/\/maszgroup.com\/#organization","name":"Maszgroup | Steel manufacturing company","url":"https:\/\/maszgroup.com\/","logo":{"@type":"ImageObject","inLanguage":"sk-SK","@id":"https:\/\/maszgroup.com\/#\/schema\/logo\/image\/","url":"https:\/\/maszgroup.com\/wp-content\/uploads\/2024\/11\/Mask-group-6.png","contentUrl":"https:\/\/maszgroup.com\/wp-content\/uploads\/2024\/11\/Mask-group-6.png","width":124,"height":75,"caption":"Maszgroup | Steel manufacturing company"},"image":{"@id":"https:\/\/maszgroup.com\/#\/schema\/logo\/image\/"}}]}},"_links":{"self":[{"href":"https:\/\/maszgroup.com\/sk\/wp-json\/wp\/v2\/pages\/6","targetHints":{"allow":["GET"]}}],"collection":[{"href":"https:\/\/maszgroup.com\/sk\/wp-json\/wp\/v2\/pages"}],"about":[{"href":"https:\/\/maszgroup.com\/sk\/wp-json\/wp\/v2\/types\/page"}],"author":[{"embeddable":true,"href":"https:\/\/maszgroup.com\/sk\/wp-json\/wp\/v2\/users\/1"}],"replies":[{"embeddable":true,"href":"https:\/\/maszgroup.com\/sk\/wp-json\/wp\/v2\/comments?post=6"}],"version-history":[{"count":1,"href":"https:\/\/maszgroup.com\/sk\/wp-json\/wp\/v2\/pages\/6\/revisions"}],"predecessor-version":[{"id":28,"href":"https:\/\/maszgroup.com\/sk\/wp-json\/wp\/v2\/pages\/6\/revisions\/28"}],"wp:attachment":[{"href":"https:\/\/maszgroup.com\/sk\/wp-json\/wp\/v2\/media?parent=6"}],"curies":[{"name":"wp","href":"https:\/\/api.w.org\/{rel}","templated":true}]}}